{"id":82,"date":"2013-07-23T09:04:08","date_gmt":"2013-07-23T09:04:08","guid":{"rendered":"https:\/\/belenmillan.com\/?page_id=82"},"modified":"2026-03-10T21:55:05","modified_gmt":"2026-03-10T19:55:05","slug":"about","status":"publish","type":"page","link":"https:\/\/belenmillan.com\/index.php\/about\/","title":{"rendered":"About"},"content":{"rendered":"<p><a href=\"https:\/\/belenmillan.com\/wp-content\/uploads\/2020\/09\/Tivoli006.jpg\"><img loading=\"lazy\" class=\"alignleft wp-image-1903\" style=\"margin-right: 4em; margin-bottom: 4em;\" src=\"https:\/\/belenmillan.com\/wp-content\/uploads\/2020\/09\/Tivoli006.jpg\" alt=\"\" width=\"380\" height=\"347\" srcset=\"https:\/\/belenmillan.com\/wp-content\/uploads\/2020\/09\/Tivoli006.jpg 1000w, https:\/\/belenmillan.com\/wp-content\/uploads\/2020\/09\/Tivoli006-526x480.jpg 526w\" sizes=\"(max-width: 380px) 100vw, 380px\" \/><\/a><\/p>\n<h2 style=\"margin-bottom: 1em;\"><strong>Bio<\/strong><\/h2>\n<p><strong>Bel\u00e9n Mill\u00e1n<\/strong>\u00a0is a multimedia artist and audiovisual creator from Granada, working between M\u00e1laga and New York. Her practice engages with postnature, understood as a condition in which human-made substances, infrastructures, and residues have become intrinsic to ecosystems, dissolving distinctions between the natural and the artificial.<\/p>\n<p>Through site-specific interventions and material excavations, she develops fabulations around emerging forms of life shaped by plastic, marine debris, and industrial matter. Rooted in artistic research and production, her work unfolds through fieldwork, collection, and transformation of materials\u2014fragments recovered from coastal landscapes, agricultural waste, and abandoned construction sites\u2014which she reconfigures into composite entities and speculative narratives. These processes give rise to postnatural archives where matter operates as an active agent in world-making.<\/p>\n<p>Collaboration is central to her method. Mill\u00e1n works with scientists, divers, conservation groups, and local communities to recover residual matter and activate situated forms of knowledge.<\/p>\n<p>She is currently pursuing a PhD in Fine Arts (Artistic Research and Production) at the Universidad Complutense de Madrid, where intervention, excavation, and fabulation are explored as contemporary artistic practices, with the Alboran Sea serving as a situated field of inquiry.<\/p>\n\t\t<div class=\"clear\"><\/div>\n\t\t<div class=\"divider-solid\"><\/div>\n\t\t\n<p><img loading=\"lazy\" class=\"wp-image-2246 size-full alignleft\" style=\"margin-right: 4em; margin-bottom: 4em; margin-top: 1em;\" src=\"https:\/\/belenmillan.com\/wp-content\/uploads\/2022\/03\/WhatsApp-Image-2022-03-03-at-9.08.31-PM.jpeg\" alt=\"\" width=\"1529\" height=\"1200\" \/><\/p>\n<h2 style=\"margin-bottom: 1em;\"><strong>Solo exhibits<\/strong><\/h2>\n<p>\u201cINperceptibles\u201d - Centro Cultural MVA (Maria Victoria Atencia) M\u00e1laga, Spain, Dec 2025-Jan 2026<\/p>\n<p>\"H\u00cdBRIDA\". Jard\u00edn Bot\u00e1nico La Concepci\u00f3n, M\u00e1laga, Spain, Feb-March 2022.<\/p>\n<p>\"(Des)Arraigos\" Ethnographic Museum Riogordo, Malaga, Spain May-June 2021.<\/p>\n<p>\u201cPeridermis\u201d Sala de Exposiciones Alhaur\u00edn el Grande, M\u00e1laga, Spain, January-February 2019.<\/p>\n<p>\u201cEntrop\u00eda(S)\u201d Sala de Exposiciones El Port\u00f3n, M\u00e1laga, Spain, December 2017-February 2018.<\/p>\n<p>\u201cMoonAge DayDream\u201d Colegio Oficial de Odont\u00f3logos de M\u00e1laga, Spain, April 2016.<\/p>\n<p>\u201cWaxWorks\u201d Sala de Exposiciones BIC Euronova (PTA), M\u00e1laga, Spain, October-November 2015.<\/p>\n<p>\u201cNature Rewards the Bold\u201d Sala de Exposiciones Juan Carlos I in San Fernando de Henares, Madrid, Spain, September-October 2015.<\/p>\n<p>\u201cExcavations\u201d Centro Cultural de Paracuellos del Jarama, Madrid, Spain, December 2014-January 2015.<\/p>\n<p>\u201cNature in Motion\u201d Sala de Exposiciones Lope de Vega, Madrid, Spain, November 2014.<\/p>\n<p>\u201cPintar con Fuego\u201d Centro Cultural La Jaramilla. Ayto. de Coslada, Madrid, Spain, October 2013.<\/p>\n<p>\u201cNature in Motion\u201d Sala de Exposiciones de El Casar, Guadalajara, Spain, March 2013.<\/p>\n\t\t<div class=\"clear\"><\/div>\n\t\t<div class=\"divider-solid\"><\/div>\n\t\t\n<h2 style=\"margin-bottom: 1em;\"><strong>Group exhibitions<\/strong><\/h2>\n<p><img loading=\"lazy\" class=\"alignleft wp-image-2718 size-full\" style=\"margin-right: 4em; margin-bottom: 4em;\" src=\"https:\/\/belenmillan.com\/wp-content\/uploads\/2026\/01\/beleninnets-2026-01-18-at-13.35.43.jpeg\" alt=\"\" width=\"1600\" height=\"981\" srcset=\"https:\/\/belenmillan.com\/wp-content\/uploads\/2026\/01\/beleninnets-2026-01-18-at-13.35.43.jpeg 1600w, https:\/\/belenmillan.com\/wp-content\/uploads\/2026\/01\/beleninnets-2026-01-18-at-13.35.43-1536x942.jpeg 1536w, https:\/\/belenmillan.com\/wp-content\/uploads\/2026\/01\/beleninnets-2026-01-18-at-13.35.43-783x480.jpeg 783w\" sizes=\"(max-width: 1600px) 100vw, 1600px\" \/><br \/>\n<a href=\"https:\/\/belenmillan.com\/wp-content\/uploads\/2021\/05\/20210317_131946-cr_cr.jpg\"><img class=\"wp-image-2026 size-full alignleft\" style=\"clear: both; margin-right: 4em; margin-bottom: 4em; margin-top: 1em;\" src=\"https:\/\/belenmillan.com\/wp-content\/uploads\/2022\/10\/covershotf.jpg\" alt=\"\" \/><\/a><\/p>\n<p>&nbsp;<\/p>\n<p>\"The Wave\" Art Works for Change. Multi-media installations. UPAW NY 2024. Rhinebeck, New York, summer 2024.<\/p>\n<p>\"Stories of the Post-Natural.\" Art Works for Change. Multi-media installations. UPAW NY 2023. Tivoli, New York, summer 2023.<\/p>\n<p>\"In the Balance.\" Art Ramble 2022. Outdoor Public Art Installation organized by the Umbrella Arts Center and Concord\u2019s Division of Natural Resources in Concord, Massachusetts, USA, September-November 2022.<\/p>\n<p>\"Tesoros sobre seda\" Salas Mingorance del Archivo Municipal. M\u00e1laga, Spain, July-September 4, 2022.<\/p>\n<p>\"Luto Land Art Installation\" - Diputaci\u00f3n de M\u00e1laga - Presencias Exhibit - Calle Pacifico 54, M\u00e1laga, Spain, Jan 24 to Feb 22, 2020.<\/p>\n<p>\"Frozen Gesture\" Collective at M David Gallery. Bushwick, New York, USA, July 2019<\/p>\n<p>\u201cPalingenesis\u201d Collective show curated by Michael David at M. David, Bushwick, Brooklyn, New York, USA, September 2019.<\/p>\n<p>\u201cCoraz\u00f3n Blanco-Coraz\u00f3n Negro\u201d Sala de Exposiciones Alhaur\u00edn el Grande, M\u00e1laga, Spain, Marzo-Junio 2019.<\/p>\n<p>\u201cArte Malacitano \u2013 Biblioteca Provincial de M\u00e1laga, Spain, Septiembre-Diciembre 2018.<\/p>\n<p>\u201cCulturama en Gira\" -- Convento de la Encarnaci\u00f3n, Co\u00edn and Cuevas, M\u00e1laga, Spain, March-April and July-August 2017.<\/p>\n<p>\u201cDe la Figuraci\u00f3n a la Abstracci\u00f3n \u2013 Presencias 44\u201c Pacifico 54 Espacio Expositivo, Diputaci\u00f3n de M\u00e1laga, Spain, April-May 2017.<\/p>\n<p>\u201cArt against War Collective Show\u201d Sala Juan Carlos I in San Fernando de Henares, Madrid, Spain, Enero 2016.<\/p>\n<p>Exposici\u00f3n Colectiva Colegio Oficial de Veterinarios, M\u00e1laga. Spain, May 2016.<\/p>\n<p>\u201cEncaustic Artists in the XXI century\u201d Collective show, Encaustic Art institute, New Mexico, USA, summer 2016.<\/p>\n<p>ARTSevilla, Seville International Art Fair, sponsored by Espacio Tres, Malaga, Spain, September 2015.<\/p>\n<p>\u201cEspacio Tres Collective Show\u201d at Espacio Tres Gallery, M\u00e1laga, Spain, May 2015.<\/p>\n<p>\u201cCaprichos\u201d Art Intervention in Malaga\u00b4s Botanical Garden, M\u00e1laga, Spain, April 2015.<\/p>\n<p>\u201cPresencias 41\u201d Diputaci\u00f3n de M\u00e1laga, M\u00e1laga, Spain, March 2015.<\/p>\n<p>Collective show by Fiarte at the Centro Cultural Churriana, Granada, Spain, April 2015.<\/p>\n<p>Collective show by United Photo Press at the Palacio de Quinta Alegre, Granada, Spain, April 2015.<\/p>\n<p>\u201cNuances of the Americas\u201d II International art show at the Queen\u00b4s Bee Art and Cultural Center, San Diego, USA, August-September 2015.<\/p>\n<p>\u201cExpressions, Shapes and Colors\u201d San Diego Latino Theater Festival, California, USA, July 2015.<\/p>\n<p>\u201cCollective Show\u201d at Fifty-Seven Degrees Gallery, San Diego, California, USA, curated by Guy Lombardo, June 2015.<\/p>\n<p>UPP Collective Show, Albufeira Marina, Albufeira, Portugal, August 2015.<\/p>\n<p>\u201c25 Years Retrospective\u201d United Photo Press, Algarve, Portugal, June 2015.<\/p>\n<p>Collective show by Trilhos da Terra Art Gallery, Aveiro, Portugal, March 2015.<\/p>\n<p>\u201cDevil is on the Straight Line\u201d at the BakeHouse Arts Center, Miami, Florida, USA, September 2014.<\/p>\n<p>\u201cUntitled Group Show\u201d at the Latino Art Museum, Pamona, California, USA, November 2014.<\/p>\n<p>\u201cNuances of the Americas\u201d I International art show, Centro Cultural de la Raza, Balboa Park, California, USA, August 2014.<\/p>\n<p>\u201cPresencias 40\u201d Sala Manuel Barbardillo, M\u00e1laga M\u00e1laga, Spain, December 2014.<\/p>\n<p>\u201cPresencias 38\u201d Centro Cultural Provincial Mar\u00eda Victoria Atienza, M\u00e1laga, Spain, August 2014.<\/p>\n<p>\u201cMujeres Pintoras\u201d Ciudad de la Justicia, M\u00e1laga, Spain, March 2014.<\/p>\n<p>\u201cLive Surfaces\u201d Sala Barbadillo, M\u00e1laga, Spain, February 2014.<\/p>\n<p>\u201cPresencias 36\u201d Diputaci\u00f3n de M\u00e1laga, M\u00e1laga, Spain, January 2014.<\/p>\n<p>\u201cColectiva Peque\u00f1o Formato\u201d Aplama, M\u00e1laga, Spain, December 2013.<\/p>\n<p>\u201cPresencias 35\u201d Diputaci\u00f3n de M\u00e1laga, M\u00e1laga, Spain, October 2013.<\/p>\n<p>Collective show, Encaustic Art Institute, New Mexico, USA, summer 2012.<\/p>\n<p>Collective show at Art Upstairs, Phoenicia, NY, USA, September 2014, June and July 2012 and July 2010.<\/p>\n\t\t<div class=\"clear\"><\/div>\n\t\t<div class=\"divider-solid\"><\/div>\n\t\t\n<h2 style=\"margin-bottom: 1em;\"><strong>Education &amp; awards<\/strong><\/h2>\n<p style=\"font-weight: 400;\"><img loading=\"lazy\" class=\"alignleft wp-image-1968\" style=\"margin-right: 4em; margin-bottom: 4em;\" src=\"https:\/\/belenmillan.com\/wp-content\/uploads\/2020\/09\/Belen-Sitting.jpg\" alt=\"\" width=\"500\" height=\"369\" srcset=\"https:\/\/belenmillan.com\/wp-content\/uploads\/2020\/09\/Belen-Sitting.jpg 1920w, https:\/\/belenmillan.com\/wp-content\/uploads\/2020\/09\/Belen-Sitting-1536x1134.jpg 1536w, https:\/\/belenmillan.com\/wp-content\/uploads\/2020\/09\/Belen-Sitting-650x480.jpg 650w\" sizes=\"(max-width: 500px) 100vw, 500px\" \/><\/p>\n<p>PhD Candidate in Fine Arts (Production and Artistic Research) \u2013 In Progress<br \/>\nUniversidad Complutense de Madrid \u2014 Madrid, Spain<br \/>\n2022 \u2013 Award Ex-Aequo for Plastic Plasma in the video category by the Ateneo of M\u00e1laga and the University of M\u00e1laga, Spain.<\/p>\n<p>2020 \u2013 Judy Pfaff Foundation \/ M David Summer Art Residency \u2013 Tivoli, New York.<\/p>\n<p>2019 \u2013 M David &amp; Co. Art Residency \u2013 Bushwick, Brooklyn, New York.<\/p>\n<p>2005-2008 \u2013 Studio classes at the Art Students League of NY and the Woodstock School of Art, New York.<\/p>\n<p>2003 \u2013 Graduate courses in Art History \u2013 Hunter College \u2013 New York, New York.<\/p>\n<p>1993 \u2013 Master\u2019s Degree \u2013 Columbia University (School of International and Public Affairs-SIPA) \u2013 New York, New York.<\/p>\n<p>1990 \u2013 Bachelor of Arts, Cum Laude \u2013 Mount Holyoke College \u2013 Massachusetts.<br \/>\nAcademic Honor Society: Phi Beta Kappa.<\/p>\n\t\t<div class=\"clear\"><\/div>\n\t\t<div class=\"divider-solid\"><\/div>\n\t\t\n<h2 style=\"margin-bottom: 1em;\"><strong>Art memberships<\/strong><\/h2>\n<p>EcoArt Space - USA.<\/p>\n<p>Convergence Art 3D7 - USA.<\/p>\n<p>Asociaci\u00f3n Colectiva - Observatorio Cultural Feminista, Spain.<\/p>\n<p>MAV - Mujeres en las Artes Visuales - Spain.<\/p>\n","protected":false},"excerpt":{"rendered":"<p>Bio Bel\u00e9n Mill\u00e1n\u00a0is a multimedia artist and audiovisual creator from Granada, working between M\u00e1laga and New York. Her practice engages with postnature, understood as a condition in which human-made substances, infrastructures, and residues have become intrinsic to ecosystems, dissolving distinctions between the natural and the artificial. Through site-specific interventions and material excavations, she develops fabulations [&hellip;]<\/p>\n","protected":false},"author":1,"featured_media":0,"parent":0,"menu_order":0,"comment_status":"closed","ping_status":"closed","template":"","meta":[],"_links":{"self":[{"href":"https:\/\/belenmillan.com\/index.php\/wp-json\/wp\/v2\/pages\/82"}],"collection":[{"href":"https:\/\/belenmillan.com\/index.php\/wp-json\/wp\/v2\/pages"}],"about":[{"href":"https:\/\/belenmillan.com\/index.php\/wp-json\/wp\/v2\/types\/page"}],"author":[{"embeddable":true,"href":"https:\/\/belenmillan.com\/index.php\/wp-json\/wp\/v2\/users\/1"}],"replies":[{"embeddable":true,"href":"https:\/\/belenmillan.com\/index.php\/wp-json\/wp\/v2\/comments?post=82"}],"version-history":[{"count":108,"href":"https:\/\/belenmillan.com\/index.php\/wp-json\/wp\/v2\/pages\/82\/revisions"}],"predecessor-version":[{"id":2733,"href":"https:\/\/belenmillan.com\/index.php\/wp-json\/wp\/v2\/pages\/82\/revisions\/2733"}],"wp:attachment":[{"href":"https:\/\/belenmillan.com\/index.php\/wp-json\/wp\/v2\/media?parent=82"}],"curies":[{"name":"wp","href":"https:\/\/api.w.org\/{rel}","templated":true}]}}